{"id":158,"date":"2021-10-17T00:34:39","date_gmt":"2021-10-16T22:34:39","guid":{"rendered":"http:\/\/vakala.wf\/?page_id=158"},"modified":"2022-05-13T17:16:53","modified_gmt":"2022-05-13T05:16:53","slug":"la-team-vaka-la","status":"publish","type":"page","link":"https:\/\/vakala.wf\/index.php\/la-team-vaka-la\/","title":{"rendered":"La team Vaka L\u00e4"},"content":{"rendered":"\n<figure class=\"wp-block-table is-style-regular\"><table class=\"has-fixed-layout\"><tbody><tr><td>Ceux qui bossent<\/td><\/tr><tr><td>No\u00ebla<br><figure class=\"wp-block-image size-full\"><img loading=\"lazy\" decoding=\"async\" width=\"600\" height=\"800\" src=\"http:\/\/vakala.wf\/wp-content\/uploads\/2021\/10\/20210716_171917-10.jpg\" alt=\"\" class=\"wp-image-159\" style=\"width: undefinedpx;\" srcset=\"https:\/\/vakala.wf\/wp-content\/uploads\/2021\/10\/20210716_171917-10.jpg 600w, https:\/\/vakala.wf\/wp-content\/uploads\/2021\/10\/20210716_171917-10-225x300.jpg 225w\" sizes=\"auto, (max-width: 600px) 100vw, 600px\" \/><\/figure><\/td><td>Suliano<br><figure class=\"wp-block-image size-full\"><img loading=\"lazy\" decoding=\"async\" width=\"600\" height=\"800\" src=\"http:\/\/vakala.wf\/wp-content\/uploads\/2021\/10\/20210716_171706-08.jpg\" alt=\"\" class=\"wp-image-166\" srcset=\"https:\/\/vakala.wf\/wp-content\/uploads\/2021\/10\/20210716_171706-08.jpg 600w, https:\/\/vakala.wf\/wp-content\/uploads\/2021\/10\/20210716_171706-08-225x300.jpg 225w\" sizes=\"auto, (max-width: 600px) 100vw, 600px\" \/><\/figure><\/td><td>Sake<br><figure class=\"wp-block-image size-full\"><img decoding=\"async\" src=\"http:\/\/vakala.wf\/wp-content\/uploads\/2021\/10\/20210716_171629-02.jpg\" alt=\"\" class=\"wp-image-166\"><\/figure><\/td><td>Alex<br><figure class=\"wp-block-image size-full\"><img decoding=\"async\" src=\"http:\/\/vakala.wf\/wp-content\/uploads\/2021\/10\/20210716_171647-01.jpg\" alt=\"\" class=\"wp-image-166\"><\/figure><\/td><\/tr><tr><td>Le bureau<\/td><\/tr><tr><td>Gr\u00e9gory<figure class=\"wp-block-image size-full\"><img decoding=\"async\" src=\"http:\/\/vakala.wf\/wp-content\/uploads\/2021\/10\/20210716_171540-04.jpg\" alt=\"\" class=\"wp-image-166\"><\/figure><\/td><td>Elodie<br><figure class=\"wp-block-image size-full\"><img decoding=\"async\" src=\"http:\/\/vakala.wf\/wp-content\/uploads\/2021\/10\/20210716_171504-06.jpg\" alt=\"\" class=\"wp-image-166\"><\/figure><\/td><td>Raza<br><figure class=\"wp-block-image size-full\"><img decoding=\"async\" src=\"http:\/\/vakala.wf\/wp-content\/uploads\/2021\/10\/20210716_171559-03.jpg\" alt=\"\" class=\"wp-image-166\"><\/figure><\/td><\/tr><tr><td>Les nouvelles recrues 2022 !<\/td><td>Thomas<br><figure class=\"wp-block-image size-full\"><img decoding=\"async\" src=\"http:\/\/vakala.wf\/wp-content\/uploads\/2022\/05\/Thomas.jpeg\" alt=\"\" class=\"wp-image-166\"><\/figure><\/td><td>Allan<br><figure class=\"wp-block-image size-full\"><img decoding=\"async\" src=\"http:\/\/vakala.wf\/wp-content\/uploads\/2022\/05\/Allan.jpeg\" alt=\"\" class=\"wp-image-166\"><\/figure><\/td><\/tr><\/tbody><\/table><\/figure>\n\n\n\n<p>Le bureau actuel (AG du 15 avril 2022)<\/p>\n\n\n\n<ul class=\"wp-block-list\" id=\"block-7c0a3ea9-4ac1-4b46-84b3-42615ed2a12c\"><li>Pr\u00e9sident : Gr\u00e9gory Duprez<\/li><li>Vice-pr\u00e9sident : Thomas Schneider <\/li><li>Tr\u00e9sori\u00e8re : Elodie Tellier&nbsp;&nbsp;<\/li><li>Secr\u00e9taire : Raza Boussand&nbsp;<\/li><li>Secr\u00e9taire adjoint : Allan Petetin<\/li><\/ul>\n","protected":false},"excerpt":{"rendered":"<p>Ceux qui bossent No\u00ebla Suliano Sake Alex Le bureau Gr\u00e9gory Elodie Raza Les nouvelles recrues 2022 ! Thomas Allan Le bureau actuel (AG du 15 avril 2022) Pr\u00e9sident : Gr\u00e9gory Duprez Vice-pr\u00e9sident : Thomas Schneider Tr\u00e9sori\u00e8re : Elodie Tellier&nbsp;&nbsp; Secr\u00e9taire &hellip; <a href=\"https:\/\/vakala.wf\/index.php\/la-team-vaka-la\/\">Continuer la lecture <span class=\"meta-nav\"> \u00bb<\/span><\/a><\/p>\n","protected":false},"author":1,"featured_media":0,"parent":0,"menu_order":0,"comment_status":"closed","ping_status":"closed","template":"","meta":{"footnotes":""},"class_list":["post-158","page","type-page","status-publish","hentry"],"_links":{"self":[{"href":"https:\/\/vakala.wf\/index.php\/wp-json\/wp\/v2\/pages\/158","targetHints":{"allow":["GET"]}}],"collection":[{"href":"https:\/\/vakala.wf\/index.php\/wp-json\/wp\/v2\/pages"}],"about":[{"href":"https:\/\/vakala.wf\/index.php\/wp-json\/wp\/v2\/types\/page"}],"author":[{"embeddable":true,"href":"https:\/\/vakala.wf\/index.php\/wp-json\/wp\/v2\/users\/1"}],"replies":[{"embeddable":true,"href":"https:\/\/vakala.wf\/index.php\/wp-json\/wp\/v2\/comments?post=158"}],"version-history":[{"count":10,"href":"https:\/\/vakala.wf\/index.php\/wp-json\/wp\/v2\/pages\/158\/revisions"}],"predecessor-version":[{"id":336,"href":"https:\/\/vakala.wf\/index.php\/wp-json\/wp\/v2\/pages\/158\/revisions\/336"}],"wp:attachment":[{"href":"https:\/\/vakala.wf\/index.php\/wp-json\/wp\/v2\/media?parent=158"}],"curies":[{"name":"wp","href":"https:\/\/api.w.org\/{rel}","templated":true}]}}